{"id":217,"date":"2019-08-03T12:06:10","date_gmt":"2019-08-03T10:06:10","guid":{"rendered":"https:\/\/sspberatung.de\/?page_id=217"},"modified":"2020-02-16T12:10:11","modified_gmt":"2020-02-16T11:10:11","slug":"test-seite","status":"publish","type":"page","link":"https:\/\/sspberatung.de\/index.php\/test-seite\/","title":{"rendered":"N\u00fctzliche Links"},"content":{"rendered":"\n<p class=\"wp-block-paragraph\" style=\"font-size:16px\">Dr. Brita Schirmer ist eine seit langem bekannte qualifizierte Autorin zu Themen im Umfeld von Autismus-Spektrum-St\u00f6rungen (ASS). Eine ihrer sehr empfehlenswerten Ver\u00f6ffentlichungen: Schulratgeber Autismus-Spektrum-St\u00f6rungen (Ein Leitfaden f\u00fcr LehrerInnen), Ernst Reinhardt Verlag M\u00fcnchen, ISBN 978-3-497-02255-7<\/p>\n\n\n\n<p class=\"wp-block-paragraph\" style=\"font-size:16px\">Frau Schirmer hat auf youtube eine gro\u00dfe Zahl von kurzen Filmen zu ASS (in der Regel 3 &#8211; 5 Minuten) ver\u00f6ffentlicht. Der Button &#8222;Kurzfilme zu ASS&#8220; gibt Links zu diesen Filmen an, das Video ist eine Kostprobe.<\/p>\n\n\n\n<div class=\"wp-block-button\"><a class=\"wp-block-button__link has-background\" href=\"https:\/\/wolke7.sspberatung.de\/index.php\/s\/bgpKxEeLX3io3Rt\" style=\"background-color:#2a44ba\">Kurzfilme zu ASS<\/a><\/div>\n\n\n\n<p style=\"font-size:14px\" class=\"has-text-color has-white-color wp-block-paragraph\">Abstandshalter<\/p>\n\n\n\n<figure class=\"wp-block-embed-youtube wp-block-embed is-type-video is-provider-youtube wp-embed-aspect-16-9 wp-has-aspect-ratio\"><div class=\"wp-block-embed__wrapper\">\n<iframe loading=\"lazy\" title=\"Was sind autistische Z\u00fcge?\" width=\"672\" height=\"378\" src=\"https:\/\/www.youtube.com\/embed\/Xa0vylCqZoo?feature=oembed\" frameborder=\"0\" allow=\"accelerometer; autoplay; encrypted-media; gyroscope; picture-in-picture\" allowfullscreen><\/iframe>\n<\/div><\/figure>\n\n\n\n<p class=\"has-text-color has-white-color wp-block-paragraph\">Abstandshalter<\/p>\n\n\n\n<p style=\"color:#2a44ba;font-size:25px\" class=\"has-text-color wp-block-paragraph\">N\u00fctzliche FlipCharts<\/p>\n\n\n\n<p class=\"wp-block-paragraph\" style=\"font-size:16px\">Autor s\u00e4mtlicher hier gezeigten FlipCharts: Rainer Eckert. Sie sind eine  kleine Sammlung aus Visualisierungen, die im Laufe meiner Referenten- \/  Moderatoren-T\u00e4tigkeit in den vergangenen Jahren entstanden sind.   &#8211;    Ich besitze keinerlei zeichnerische F\u00e4higkeiten. Die Grundtechniken, um  ohne jegliches Talent halbwegs n\u00fctzliche FlipCharts herstellen zu  k\u00f6nnen, habe ich von einer guten Kollegin lernen d\u00fcrfen, Claudia Bingel  aus Frankfurt am  Main. Danke, Claudia. <\/p>\n\n\n\n<p class=\"wp-block-paragraph\" style=\"font-size:16px\">Nutzer der SSP Beratung &#8211; Website d\u00fcrfen sich aus der nachfolgenden  kleinen Sammlung bedienen. Gerne d\u00fcrfen Sie Anregungen daraus ziehen und  eigene Visualisierungen daran anlehnen. Auch d\u00fcrfen Sie die FlipCharts,  wenn Sie m\u00f6gen, per PC und Beamer verwenden. Wenn Sie dabei Ihr  jeweiliges Publikum auf Claudia Bingel und ein wenig auch auf mich als  Lieferanten der Basis-Ideen aufmerksam machen, danke ich Ihnen im  Voraus. Und dann kriegen Sie auch kein Copyright-Problem.   <\/p>\n\n\n\n<div class=\"wp-block-button\"><a class=\"wp-block-button__link has-background\" href=\"https:\/\/wolke7.sspberatung.de\/index.php\/s\/AaJXnKrtKXZS4Fa\" style=\"background-color:#2a44ba\">N\u00fctzliche FlipCharts<\/a><\/div>\n","protected":false},"excerpt":{"rendered":"<p>Dr. Brita Schirmer ist eine seit langem bekannte qualifizierte Autorin zu Themen im Umfeld von Autismus-Spektrum-St\u00f6rungen (ASS). Eine ihrer sehr empfehlenswerten Ver\u00f6ffentlichungen: Schulratgeber Autismus-Spektrum-St\u00f6rungen (Ein Leitfaden f\u00fcr LehrerInnen), Ernst Reinhardt Verlag M\u00fcnchen, ISBN 978-3-497-02255-7 Frau Schirmer hat auf youtube eine gro\u00dfe Zahl von kurzen Filmen zu ASS (in der Regel 3 &#8211; 5 Minuten) ver\u00f6ffentlicht. [&hellip;]<\/p>\n","protected":false},"author":1,"featured_media":0,"parent":0,"menu_order":0,"comment_status":"closed","ping_status":"closed","template":"","meta":{"_crdt_document":"","footnotes":""},"class_list":["post-217","page","type-page","status-publish","hentry","no-featured-image"],"_links":{"self":[{"href":"https:\/\/sspberatung.de\/index.php\/wp-json\/wp\/v2\/pages\/217","targetHints":{"allow":["GET"]}}],"collection":[{"href":"https:\/\/sspberatung.de\/index.php\/wp-json\/wp\/v2\/pages"}],"about":[{"href":"https:\/\/sspberatung.de\/index.php\/wp-json\/wp\/v2\/types\/page"}],"author":[{"embeddable":true,"href":"https:\/\/sspberatung.de\/index.php\/wp-json\/wp\/v2\/users\/1"}],"replies":[{"embeddable":true,"href":"https:\/\/sspberatung.de\/index.php\/wp-json\/wp\/v2\/comments?post=217"}],"version-history":[{"count":31,"href":"https:\/\/sspberatung.de\/index.php\/wp-json\/wp\/v2\/pages\/217\/revisions"}],"predecessor-version":[{"id":648,"href":"https:\/\/sspberatung.de\/index.php\/wp-json\/wp\/v2\/pages\/217\/revisions\/648"}],"wp:attachment":[{"href":"https:\/\/sspberatung.de\/index.php\/wp-json\/wp\/v2\/media?parent=217"}],"curies":[{"name":"wp","href":"https:\/\/api.w.org\/{rel}","templated":true}]}}