{"id":262,"date":"2019-08-03T17:36:31","date_gmt":"2019-08-03T15:36:31","guid":{"rendered":"https:\/\/sspberatung.de\/?page_id=262"},"modified":"2020-02-16T12:01:26","modified_gmt":"2020-02-16T11:01:26","slug":"angebote","status":"publish","type":"page","link":"https:\/\/sspberatung.de\/index.php\/angebote\/","title":{"rendered":"Erste Hilfe"},"content":{"rendered":"\n<p class=\"wp-block-paragraph\" style=\"font-size:16px\">Erziehende Erwachsene in <strong>Bildungseinrichtungen<\/strong>, Verantwortliche f\u00fcr Recruiting, f\u00fcr Personalentwicklung, f\u00fcr Ausbildung in <strong>Betrieben<\/strong>, und nicht zuletzt <strong>Eltern<\/strong>, die mit sogenannten &#8222;schwierigen&#8220; Kindern, ggf. auch mit psychisch beeintr\u00e4chtigten Kindern und Jugendlichen zu tun haben, k\u00f6nnen in herausfordernde Situationen geraten.<\/p>\n\n\n\n<p class=\"wp-block-paragraph\" style=\"font-size:16px\">H\u00e4ufig treten diese Situationen spontan auf, nicht selten sind die Abl\u00e4ufe stark emotional gef\u00e4rbt, fast immer f\u00fchren sie zu Verletzungen oder schweren Auseinandersetzungen.<\/p>\n\n\n\n<p style=\"font-size:16px\" class=\"has-text-color has-black-color wp-block-paragraph\">Dann bietet SSP Beratung auf Wunsch &#8222;erste Hilfe&#8220;. Denkbar einfach: Sie rufen an unter 069 &#8211; 661 233 65 oder unter 0157 &#8211; 86 29 46 00. Sie f\u00fchren ein erstes Telefonat und beschreiben Ihre Situation. Gemeinsam mit uns stellen Sie fest, ob ein Telefongespr\u00e4ch schon ausreichende Anregungen bietet, oder ob ein Kontakt fortgesetzt werden soll.<\/p>\n\n\n\n<p style=\"font-size:16px\" class=\"has-text-color has-black-color wp-block-paragraph\">In aller Regel folgen weitere telefonische Kontakte, wenn Sie erforderlich sind. Oder auch eine pers\u00f6nliche Begegnung. Ziel der &#8222;Ersten Hilfe&#8220; ist, Ihnen erste Anregungen zum Umgang mit Ihrer Situation zu bieten, und wenn n\u00f6tig weitere Schritte einzuleiten.   &#8211;   Siehe die &#8222;Zweite Hilfe&#8220; in der Navigation.<\/p>\n\n\n\n<p style=\"color:#2a44ba\" class=\"has-text-color has-small-font-size wp-block-paragraph\">Ein n\u00fctzlicher Tipp f\u00fcr Ausbilder, Eltern, P\u00e4dagogen:<\/p>\n\n\n\n<div class=\"wp-block-button\"><a class=\"wp-block-button__link has-background\" href=\"https:\/\/sspberatung.de\/wp-content\/uploads\/2019\/08\/001_Zum-Umgang-mit-Grenzen-KiJu.pdf\" style=\"background-color:#2a44ba\">Zum Umgang mit Grenzen<\/a><\/div>\n\n\n\n<p class=\"wp-block-paragraph\" style=\"font-size:4px\"><\/p>\n\n\n\n<p class=\"wp-block-paragraph\" style=\"font-size:14px\">Dieses leistungsf\u00e4hige Tool (&#8222;Anleitung&#8220;) zum Umgang mit schwierigen Situationen verdanke ich in der Grundstruktur den Kolleginnen Leyla Elsuni und Eva Lopez vom Autismus-Therapie- und Forschungszentrum \/ Kinder- und Jugendpsychiatrie der Universit\u00e4tsklinik Frankfurt am Main bei einer gehaltvollen Fortbildung und habe diese an meine eigene Herangehensweise angepasst.<\/p>\n\n\n\n<p class=\"wp-block-paragraph\" style=\"font-size:14px\">Offensichtlich ist die &#8222;Hilfreiche Frage 3&#8220; in diesem Dokument die schwierigste: ich frage NICHT, warum ein Kind, ein Jugendlicher sich &#8222;schon wieder&#8220; so oder so verh\u00e4lt. Ich gehe vielmehr davon aus, dass das Kind, der Jugendliche mir durch sein Verhalten zeigt, dass es ihm in einer bestimmten angespannten Situation nicht so gut geht. Und denke dar\u00fcber nach, welche M\u00f6glichkeiten ich habe, ihm zu helfen, die Schwierigkeiten zu \u00fcberwinden, die die Situation ihm offensichtlich \/ wahrscheinlich bereitet.<\/p>\n\n\n\n<p class=\"wp-block-paragraph\" style=\"font-size:14px\">EINE M\u00f6glichkeit haben Sie \u00fcbrigens immer: was auch geschieht, Sie behalten die Ruhe und tragen dazu bei, die Situation &#8222;herunterzufahren&#8220;, zu deeskalieren. Erziehung ist in aufgeregten Situationen ohnehin nicht m\u00f6glich, sie folgt sp\u00e4ter.<\/p>\n","protected":false},"excerpt":{"rendered":"<p>Erziehende Erwachsene in Bildungseinrichtungen, Verantwortliche f\u00fcr Recruiting, f\u00fcr Personalentwicklung, f\u00fcr Ausbildung in Betrieben, und nicht zuletzt Eltern, die mit sogenannten &#8222;schwierigen&#8220; Kindern, ggf. auch mit psychisch beeintr\u00e4chtigten Kindern und Jugendlichen zu tun haben, k\u00f6nnen in herausfordernde Situationen geraten. H\u00e4ufig treten diese Situationen spontan auf, nicht selten sind die Abl\u00e4ufe stark emotional gef\u00e4rbt, fast immer f\u00fchren [&hellip;]<\/p>\n","protected":false},"author":1,"featured_media":0,"parent":0,"menu_order":0,"comment_status":"closed","ping_status":"closed","template":"","meta":{"_crdt_document":"","footnotes":""},"class_list":["post-262","page","type-page","status-publish","hentry","no-featured-image"],"_links":{"self":[{"href":"https:\/\/sspberatung.de\/index.php\/wp-json\/wp\/v2\/pages\/262","targetHints":{"allow":["GET"]}}],"collection":[{"href":"https:\/\/sspberatung.de\/index.php\/wp-json\/wp\/v2\/pages"}],"about":[{"href":"https:\/\/sspberatung.de\/index.php\/wp-json\/wp\/v2\/types\/page"}],"author":[{"embeddable":true,"href":"https:\/\/sspberatung.de\/index.php\/wp-json\/wp\/v2\/users\/1"}],"replies":[{"embeddable":true,"href":"https:\/\/sspberatung.de\/index.php\/wp-json\/wp\/v2\/comments?post=262"}],"version-history":[{"count":25,"href":"https:\/\/sspberatung.de\/index.php\/wp-json\/wp\/v2\/pages\/262\/revisions"}],"predecessor-version":[{"id":626,"href":"https:\/\/sspberatung.de\/index.php\/wp-json\/wp\/v2\/pages\/262\/revisions\/626"}],"wp:attachment":[{"href":"https:\/\/sspberatung.de\/index.php\/wp-json\/wp\/v2\/media?parent=262"}],"curies":[{"name":"wp","href":"https:\/\/api.w.org\/{rel}","templated":true}]}}