{"id":275,"date":"2019-08-03T18:15:28","date_gmt":"2019-08-03T16:15:28","guid":{"rendered":"https:\/\/sspberatung.de\/?page_id=275"},"modified":"2020-02-16T12:02:15","modified_gmt":"2020-02-16T11:02:15","slug":"angebote-ii","status":"publish","type":"page","link":"https:\/\/sspberatung.de\/index.php\/angebote-ii\/","title":{"rendered":"Zweite Hilfe"},"content":{"rendered":"\n<p class=\"wp-block-paragraph\" style=\"font-size:16px\">Wenn erziehende Erwachsene in <strong>Bildungseinrichtungen<\/strong>, Verantwortliche f\u00fcr Recruiting, f\u00fcr Personalentwicklung, f\u00fcr Ausbildung in <strong>Betrieben<\/strong>, und nicht zuletzt <strong>Eltern<\/strong> in herausfordernde Situationen geraten, reichen Telefonate, Mails oder das eine oder andere pers\u00f6nliche Gespr\u00e4ch h\u00e4ufig nicht aus.<\/p>\n\n\n\n<p class=\"wp-block-paragraph\" style=\"font-size:16px\">In solchen und vielen \u00e4hnlichen Situationen sehen wir unsere Aufgabe darin, den Blick der Erwachsenen auf die &#8222;Zweite Hilfe&#8220; zu richten. Welche kompetenten Gespr\u00e4chspartner sind z\u00fcgig erreichbar? Wo gibt es in der n\u00e4heren Umgebung qualifizierte professionelle Unterst\u00fctzung durch Verb\u00e4nde, p\u00e4dagogische Einrichtungen, Betriebe, \u00c4mter, durch \u00c4rzte, Psychologen, Psychotherapeuten, Kliniken? Wie findet man den Weg zu derartigen Institutionen? Wie sind solche Wege zu gehen?<\/p>\n\n\n\n<p class=\"wp-block-paragraph\" style=\"font-size:16px\">SSP Beratung betrachtet seine T\u00e4tigkeiten in diesem Sinne als &#8222;Vorfeld &#8211; Arbeit&#8220;. Wir haben es h\u00e4ufig zu tun mit Pers\u00f6nlichkeiten, die professionelle Hilfe noch nicht gesucht, noch nicht angenommen haben. Klassisch: <strong>Ausbilder<\/strong>, die einen neuen Lehrling schon nach wenigen Tagen f\u00fcr &#8222;total unf\u00e4hig&#8220; halten und die &#8222;keine M\u00f6glichkeit&#8220; mehr sehen, ihn in seiner Entwicklung zu f\u00f6rdern. <strong>Eltern<\/strong>, die ihr Kind noch nicht bei einem qualifizierten Arzt, einem qualifizierten Psychologen vorgestellt haben, obwohl Auseinandersetzungen in der Familie t\u00e4glich sch\u00e4rfer werden. <strong>Lehrer<\/strong>, die angesichts &#8222;schwieriger&#8220; Sch\u00fcler nur noch &#8222;verzweifeln&#8220; und dar\u00fcber nachdenken, an welche andere Schule sie diese Kinder &#8222;abgeben&#8220; k\u00f6nnen. <\/p>\n\n\n\n<p class=\"wp-block-paragraph\" style=\"font-size:16px\">Auch die &#8222;Zweite Hilfe&#8220; wird er\u00f6ffnet mit einer Mail an, mit einem Anruf bei SSP Beratung: sspberatung@email.de  \/  Fon 069 &#8211; 661 233 65  \/  Mobil 0157 &#8211; 86 29 46 00. Und dann richtet sich die Aufmerksamkeit rasch auf das vielf\u00e4ltige professionelle Hilfe-System in unserer lokalen Umgebung.<\/p>\n\n\n\n<p style=\"font-size:5px\" class=\"has-text-color has-white-color wp-block-paragraph\">xxx<\/p>\n\n\n\n<div class=\"wp-block-columns is-layout-flex wp-container-core-columns-is-layout-8f761849 wp-block-columns-is-layout-flex\">\n<div class=\"wp-block-column is-layout-flow wp-block-column-is-layout-flow\" style=\"flex-basis:66.66%\">\n<p style=\"color:#2a44ba;font-size:16px\" class=\"has-text-color has-text-align-center wp-block-paragraph\"><a href=\"https:\/\/sspberatung.de\/index.php\/netzwerk-arbeit-autismus-rhein-main\/\"><strong>Netzwerk Arbeit &amp; Autismus Rhein-Main<\/strong><\/a><\/p>\n<\/div>\n\n\n\n<div class=\"wp-block-column is-layout-flow wp-block-column-is-layout-flow\" style=\"flex-basis:33.33%\"><\/div>\n<\/div>\n\n\n\n<p style=\"color:#a32700;font-size:14px\" class=\"has-text-color wp-block-paragraph\">Auf Anfrage kann SSP Beratung <strong>Kontakte <\/strong>zu Netzwerk &#8211; Partnern mit bestimmten Kompetenzen und Arbeitsgebieten herstellen. Ein Anruf lohnt sich also in jedem Fall: 069 &#8211; 661 233 65   oder        0157 &#8211; 86 29 46 00<\/p>\n","protected":false},"excerpt":{"rendered":"<p>Wenn erziehende Erwachsene in Bildungseinrichtungen, Verantwortliche f\u00fcr Recruiting, f\u00fcr Personalentwicklung, f\u00fcr Ausbildung in Betrieben, und nicht zuletzt Eltern in herausfordernde Situationen geraten, reichen Telefonate, Mails oder das eine oder andere pers\u00f6nliche Gespr\u00e4ch h\u00e4ufig nicht aus. In solchen und vielen \u00e4hnlichen Situationen sehen wir unsere Aufgabe darin, den Blick der Erwachsenen auf die &#8222;Zweite Hilfe&#8220; zu [&hellip;]<\/p>\n","protected":false},"author":1,"featured_media":0,"parent":0,"menu_order":0,"comment_status":"closed","ping_status":"closed","template":"","meta":{"_crdt_document":"","footnotes":""},"class_list":["post-275","page","type-page","status-publish","hentry","no-featured-image"],"_links":{"self":[{"href":"https:\/\/sspberatung.de\/index.php\/wp-json\/wp\/v2\/pages\/275","targetHints":{"allow":["GET"]}}],"collection":[{"href":"https:\/\/sspberatung.de\/index.php\/wp-json\/wp\/v2\/pages"}],"about":[{"href":"https:\/\/sspberatung.de\/index.php\/wp-json\/wp\/v2\/types\/page"}],"author":[{"embeddable":true,"href":"https:\/\/sspberatung.de\/index.php\/wp-json\/wp\/v2\/users\/1"}],"replies":[{"embeddable":true,"href":"https:\/\/sspberatung.de\/index.php\/wp-json\/wp\/v2\/comments?post=275"}],"version-history":[{"count":27,"href":"https:\/\/sspberatung.de\/index.php\/wp-json\/wp\/v2\/pages\/275\/revisions"}],"predecessor-version":[{"id":628,"href":"https:\/\/sspberatung.de\/index.php\/wp-json\/wp\/v2\/pages\/275\/revisions\/628"}],"wp:attachment":[{"href":"https:\/\/sspberatung.de\/index.php\/wp-json\/wp\/v2\/media?parent=275"}],"curies":[{"name":"wp","href":"https:\/\/api.w.org\/{rel}","templated":true}]}}