{"id":286,"date":"2019-08-03T18:37:42","date_gmt":"2019-08-03T16:37:42","guid":{"rendered":"https:\/\/sspberatung.de\/?page_id=286"},"modified":"2020-02-16T12:02:45","modified_gmt":"2020-02-16T11:02:45","slug":"angebote-iii","status":"publish","type":"page","link":"https:\/\/sspberatung.de\/index.php\/angebote-iii\/","title":{"rendered":"Dritte Hilfe"},"content":{"rendered":"\n<p class=\"wp-block-paragraph\" style=\"font-size:16px\">Die &#8222;Dritte Hilfe&#8220; ist &#8222;ureigenes SSP &#8211; Gebiet&#8220;. In eigener Regie, mitunter auch gemeinsam mit kompetenten Netzwerk-Partnern bieten wir auf Wunsch und nach Vereinbarung die gesamte Palette vertiefter Arbeit an komplexen Probleme f\u00fcr Betriebe und Institutionen, f\u00fcr Familien und Pers\u00f6nlichkeiten:<\/p>\n\n\n\n<ul class=\"wp-block-list\"><li>Arbeitsgespr\u00e4che \/ Fachlicher Austausch<\/li><li>Beratungen<\/li><li>Fachvortr\u00e4ge<\/li><li>Workshops<\/li><li>Coaching<\/li><li>Supervisionen<\/li><li>Trainings<\/li><\/ul>\n\n\n\n<p class=\"wp-block-paragraph\" style=\"font-size:16px\">Bitte schreiben Sie uns eine Mail oder rufen Sie uns an. Wir garantieren eine Kooperation auf hohem fachlichen Niveau, deren Zielsetzungen und inhaltliche Strukturen passgenau auf Ihre Anforderungen ausgerichtet sind.<\/p>\n\n\n\n<div class=\"wp-block-button\"><a class=\"wp-block-button__link has-background\" href=\"https:\/\/sspberatung.de\/index.php\/konzepte-projekte\/\" style=\"background-color:#2a44ba\">SSP &#8211; Beispiel-Aktivit\u00e4ten<\/a><\/div>\n\n\n\n<p class=\"wp-block-paragraph\" style=\"font-size:14px\">Unter dem Button Beispiel-Aktivit\u00e4ten finden Sie einige Materialien, die einen Eindruck von unserem Herangehen an bestimmte Auftr\u00e4ge verdeutlichen.<\/p>\n","protected":false},"excerpt":{"rendered":"<p>Die &#8222;Dritte Hilfe&#8220; ist &#8222;ureigenes SSP &#8211; Gebiet&#8220;. In eigener Regie, mitunter auch gemeinsam mit kompetenten Netzwerk-Partnern bieten wir auf Wunsch und nach Vereinbarung die gesamte Palette vertiefter Arbeit an komplexen Probleme f\u00fcr Betriebe und Institutionen, f\u00fcr Familien und Pers\u00f6nlichkeiten: Arbeitsgespr\u00e4che \/ Fachlicher Austausch Beratungen Fachvortr\u00e4ge Workshops Coaching Supervisionen Trainings Bitte schreiben Sie uns eine [&hellip;]<\/p>\n","protected":false},"author":1,"featured_media":0,"parent":0,"menu_order":0,"comment_status":"closed","ping_status":"closed","template":"","meta":{"_crdt_document":"","footnotes":""},"class_list":["post-286","page","type-page","status-publish","hentry","no-featured-image"],"_links":{"self":[{"href":"https:\/\/sspberatung.de\/index.php\/wp-json\/wp\/v2\/pages\/286","targetHints":{"allow":["GET"]}}],"collection":[{"href":"https:\/\/sspberatung.de\/index.php\/wp-json\/wp\/v2\/pages"}],"about":[{"href":"https:\/\/sspberatung.de\/index.php\/wp-json\/wp\/v2\/types\/page"}],"author":[{"embeddable":true,"href":"https:\/\/sspberatung.de\/index.php\/wp-json\/wp\/v2\/users\/1"}],"replies":[{"embeddable":true,"href":"https:\/\/sspberatung.de\/index.php\/wp-json\/wp\/v2\/comments?post=286"}],"version-history":[{"count":15,"href":"https:\/\/sspberatung.de\/index.php\/wp-json\/wp\/v2\/pages\/286\/revisions"}],"predecessor-version":[{"id":630,"href":"https:\/\/sspberatung.de\/index.php\/wp-json\/wp\/v2\/pages\/286\/revisions\/630"}],"wp:attachment":[{"href":"https:\/\/sspberatung.de\/index.php\/wp-json\/wp\/v2\/media?parent=286"}],"curies":[{"name":"wp","href":"https:\/\/api.w.org\/{rel}","templated":true}]}}