{"id":323,"date":"2019-08-10T14:59:20","date_gmt":"2019-08-10T12:59:20","guid":{"rendered":"https:\/\/sspberatung.de\/?page_id=323"},"modified":"2020-02-16T12:04:58","modified_gmt":"2020-02-16T11:04:58","slug":"konzepte-projekte","status":"publish","type":"page","link":"https:\/\/sspberatung.de\/index.php\/konzepte-projekte\/","title":{"rendered":"Konzepte &#038; Projekte"},"content":{"rendered":"\n<p class=\"wp-block-paragraph\" style=\"font-size:16px\">Nachfolgende werden einige SSP &#8211; Konzepte &amp; Projekte in Kurzfassung beispielhaft vorgestellt.<\/p>\n\n\n\n<p class=\"wp-block-paragraph\" style=\"font-size:16px\">Sie m\u00f6gen interessierten Nutzern der SSP &#8211; Website als Anregungen dienen, eigene Projekte daran angelehnt zu entwickeln. Kurz: Sie d\u00fcrfen sich aus diesen Beispielen wie aus einem Steinbruch bedienen.   &#8211;   Sollten Sie den Steinbruch benutzen, ist es nat\u00fcrlich sportlich, wenn Sie dabei auch anmerken, dass Sie sich auf unserer Seite mit Steinen ausgestattet haben.<\/p>\n\n\n\n<p class=\"wp-block-paragraph\" style=\"font-size:16px\">Wenn Sie \u00fcber derartige Aktivit\u00e4ten mit SSP Beratung in Kontakt treten und zum Beispiel Erfahrungen austauschen wollen, dann nur zu: bitte bedienen Sie sich und melden Sie sich bei Gelegenheit einmal per Mail.<\/p>\n\n\n\n<div class=\"wp-block-button\"><a class=\"wp-block-button__link has-background\" href=\"https:\/\/wolke7.sspberatung.de\/index.php\/s\/pmQgGarS3iMxRSg\" style=\"background-color:#2a44ba\">Inklusion als Chance<\/a><\/div>\n\n\n\n<p style=\"color:#a30a00;font-size:14px\" class=\"has-text-color wp-block-paragraph\">&#8222;Inklusion als Chance&#8220; ist eines der SSP &#8211; <strong>High Level Projekte<\/strong>: auf mehrere Jahre angelegt, systemisch konzipiert, in einer Frankfurter Kindertagesst\u00e4tte erfolgreich erprobt und mit ausgezeichneten Ergebnissen durchgef\u00fchrt.  <\/p>\n\n\n\n<div class=\"wp-block-button\"><a class=\"wp-block-button__link has-background\" href=\"https:\/\/wolke7.sspberatung.de\/index.php\/s\/a8kwtzYfamH3rjT\" style=\"background-color:#2a44ba\">Kickwerk  &#8211;  Inklusives Fu\u00dfballprojekt<\/a><\/div>\n\n\n\n<div class=\"wp-block-button\"><a class=\"wp-block-button__link has-background\" href=\"http:\/\/www.kickwerk-frankfurt.de\/\" style=\"background-color:#2a44ba\">Kickwerk &#8211; Seite<\/a><\/div>\n\n\n\n<p style=\"font-size:14px\" class=\"has-text-color has-accent-color wp-block-paragraph\">&#8222;Kickwerk&#8220; ist ein inklusives Fu\u00dfballprojekt, Teilnehmer sind Jungen und M\u00e4dchen im Grundschulalter, zu einem gro\u00dfen Teil mit psychischen Beeintr\u00e4chtigungen wie ADHS, Autismus, Entwicklungsverz\u00f6gerungen, Mutismus. \u00dcber den Button &#8222;Kickwerk  &#8211;  Inklusives Fu\u00dfballprojekt&#8220; finden Sie aussagekr\u00e4ftige Berichte und Auswertungen, auf der &#8222;Kickwerk-Seite&#8220; finden Sie den Verlauf des Projekts anschaulich pr\u00e4sentiert. <\/p>\n\n\n\n<p class=\"wp-block-paragraph\" style=\"font-size:16px\">Interessierte Nutzer finden in den beiden genannten <strong>High Level Projekten<\/strong> eine F\u00fclle von Anregungen: von den ersten \u00dcberlegungen mit fundierten Begr\u00fcndungen \u00fcber die kompakte Beschreibung der Realisierung bis zur Evaluation. Und dies in zwei besonderen sozialen Bereichen, einmal einer Kindertagesst\u00e4tte, die das Pilot-Projekt sehr gerne \u00fcbernommen hat. Zum anderen in einem mehrj\u00e4hrigen Fu\u00dfball-Projekt in Kooperation mit mehreren Schulen und mehreren Fu\u00dfballvereinen. Wenn es hierzu Fragen und Anmerkungen gibt, sind wir gerne zu einem fachlichen Austausch bereit.   &#8211;   Bitte rufen Sie uns unkompliziert an oder schreiben Sie uns eine Mail. <\/p>\n\n\n\n<div class=\"wp-block-button\"><a class=\"wp-block-button__link has-background\" href=\"https:\/\/wolke7.sspberatung.de\/index.php\/s\/D7BWMbkoLRg6SN3\" style=\"background-color:#2a44ba\">Kurzkonzept Autismus<\/a><\/div>\n\n\n\n<p class=\"wp-block-paragraph\" style=\"font-size:14px\">Das &#8222;Kurzkonzept Autismus&#8220; skizziert eine Fortbildung mit Schulassistenten, die allesamt autistische Sch\u00fcler begleiten. Veranstalter ist ein privater Anbieter von u.a. Schulassistenzen.<\/p>\n\n\n\n<div class=\"wp-block-button\"><a class=\"wp-block-button__link has-background\" href=\"https:\/\/wolke7.sspberatung.de\/index.php\/s\/RnNWCf4ofmiMSbK\" style=\"background-color:#2a44ba\">Expos\u00e9 Inklusion<\/a><\/div>\n\n\n\n<p class=\"wp-block-paragraph\" style=\"font-size:14px\">Das Expos\u00e9 Inklusion wird erarbeitet f\u00fcr eine Grundschule, deren Leitung und Kollegium nach einiger Erfahrung mit inklusiven Prozessen das Arbeitsfeld Inklusion auf eine gemeinsam vertiefte Grundlage stellen will. <\/p>\n\n\n\n<div class=\"wp-block-button\"><a class=\"wp-block-button__link has-background\" href=\"https:\/\/wolke7.sspberatung.de\/index.php\/s\/tYJJ7caEJ2A3i3M\" style=\"background-color:#2a44ba\">Professionelle Teampflege in Bildungseinrichtungen<\/a><\/div>\n\n\n\n<p class=\"wp-block-paragraph\" style=\"font-size:14px\">Leitungen von Bildungseinrichtungen (U3-Einrichtungen, Kindergarten, Schule und Hort) haben unvermeidlich komplexe Beziehungsarbeit zu leisten. Das Expos\u00e9 hat sich als Grundlage f\u00fcr zweit\u00e4gige Fortbildungen mit Workshop-Charakter mit leitenden Pers\u00f6nlichkeiten als Teilnehmern bew\u00e4hrt.<\/p>\n\n\n\n<div class=\"wp-block-button\"><a class=\"wp-block-button__link has-background\" href=\"https:\/\/wolke7.sspberatung.de\/index.php\/s\/MXFZ2m6trpEqPCx\" style=\"background-color:#2a44ba\">Vereinsberatung<\/a><\/div>\n\n\n\n<p class=\"wp-block-paragraph\" style=\"font-size:14px\">Ebenfalls an Pers\u00f6nlichkeiten mit Leitungsverantwortung richtet sich das Konzept &#8222;Vereinsberatung&#8220;, allerdings in einem ganz anderen sozialen Sektor: in einem Sportverein mittlerer Gr\u00f6\u00dfe mit ca. 1.100 Mitgliedern.<\/p>\n","protected":false},"excerpt":{"rendered":"<p>Nachfolgende werden einige SSP &#8211; Konzepte &amp; Projekte in Kurzfassung beispielhaft vorgestellt. Sie m\u00f6gen interessierten Nutzern der SSP &#8211; Website als Anregungen dienen, eigene Projekte daran angelehnt zu entwickeln. Kurz: Sie d\u00fcrfen sich aus diesen Beispielen wie aus einem Steinbruch bedienen. &#8211; Sollten Sie den Steinbruch benutzen, ist es nat\u00fcrlich sportlich, wenn Sie dabei auch [&hellip;]<\/p>\n","protected":false},"author":1,"featured_media":0,"parent":0,"menu_order":0,"comment_status":"closed","ping_status":"closed","template":"","meta":{"_crdt_document":"","footnotes":""},"class_list":["post-323","page","type-page","status-publish","hentry","no-featured-image"],"_links":{"self":[{"href":"https:\/\/sspberatung.de\/index.php\/wp-json\/wp\/v2\/pages\/323","targetHints":{"allow":["GET"]}}],"collection":[{"href":"https:\/\/sspberatung.de\/index.php\/wp-json\/wp\/v2\/pages"}],"about":[{"href":"https:\/\/sspberatung.de\/index.php\/wp-json\/wp\/v2\/types\/page"}],"author":[{"embeddable":true,"href":"https:\/\/sspberatung.de\/index.php\/wp-json\/wp\/v2\/users\/1"}],"replies":[{"embeddable":true,"href":"https:\/\/sspberatung.de\/index.php\/wp-json\/wp\/v2\/comments?post=323"}],"version-history":[{"count":34,"href":"https:\/\/sspberatung.de\/index.php\/wp-json\/wp\/v2\/pages\/323\/revisions"}],"predecessor-version":[{"id":638,"href":"https:\/\/sspberatung.de\/index.php\/wp-json\/wp\/v2\/pages\/323\/revisions\/638"}],"wp:attachment":[{"href":"https:\/\/sspberatung.de\/index.php\/wp-json\/wp\/v2\/media?parent=323"}],"curies":[{"name":"wp","href":"https:\/\/api.w.org\/{rel}","templated":true}]}}