{"id":407,"date":"2019-08-16T09:58:20","date_gmt":"2019-08-16T07:58:20","guid":{"rendered":"https:\/\/sspberatung.de\/?page_id=407"},"modified":"2020-02-16T12:07:25","modified_gmt":"2020-02-16T11:07:25","slug":"tools","status":"publish","type":"page","link":"https:\/\/sspberatung.de\/index.php\/tools\/","title":{"rendered":"Tools"},"content":{"rendered":"\n<div class=\"wp-block-button\"><a class=\"wp-block-button__link has-background\" href=\"https:\/\/wolke7.sspberatung.de\/index.php\/s\/2TwL6sFJj86njeR\" style=\"background-color:#2a44ba\">Handwerkszeug<\/a><\/div>\n\n\n\n<p class=\"has-small-font-size wp-block-paragraph\">Interessierte Nutzer finden hier   &#8211; \u00fcber den Button <em>Handwerkszeug<\/em> &#8211;   eine erkleckliche Zahl an Materialien, Mitteln und Verfahren, die sich in Fortbildungen, Workshops und Coachings von SSP bew\u00e4hrt haben. Sie sind unterteilt in <em>Elementare Tools<\/em> und <em>High-Level Tools<\/em>.<\/p>\n\n\n\n<p style=\"color:#2a44ba\" class=\"has-text-color has-small-font-size wp-block-paragraph\">Elementare Tools<\/p>\n\n\n\n<p class=\"wp-block-paragraph\" style=\"font-size:16px\">Hierunter finden Sie u.a. einige <em>Impuls-Texte<\/em>, mit denen Workshops elegant er\u00f6ffnet werden und die auch als Vorlage f\u00fcr eigene Impulse dienen k\u00f6nnen. Eine einfach zu bedienende <em>Bilanz-Matrix<\/em>, die in der res\u00fcmierenden Schlussphase eines Workshops als &#8222;Wandzeitung&#8220; eingesetzt werden kann. Sie erf\u00fcllt dann einerseits die Funktion einer Ergebnissicherung, andererseits kann sie einem Team als Sammlung selbstgestellter Arbeitsauftr\u00e4ge n\u00fctzlich sein. Ein raffiniertes leistungsf\u00e4higes <em>Spinnennetz<\/em>, welches (in den Topics angepasst) einem Mitarbeiter \/ einem Team einen raschen \u00dcberblick \u00fcber den eigenen Stand bez\u00fcglich eines bestimmten Themenfelds gibt. Der Inhalt der <em>Tool-Box<\/em>, die hier ebenfalls zu \u00f6ffnen ist, erkl\u00e4rt sich von selbst. <\/p>\n\n\n\n<p style=\"color:#2a44ba\" class=\"has-text-color has-small-font-size wp-block-paragraph\">High-Level Tools<\/p>\n\n\n\n<p class=\"wp-block-paragraph\" style=\"font-size:16px\">Die hier gesammelten Verfahren sind ambitionierter. Sie erfordern in der Regel umfassende Kenntnisse auf bestimmten Fachgebieten und in der Realisierung meist einen gr\u00f6\u00dferen organisatorischen und Zeitaufwand. Hier sei beispielhaft auf <em>Mentaltechniken in Elterntrainings<\/em> verwiesen, ein Anfang 2019 ver\u00f6ffentlichter Buchbeitrag. Ein Anwender dieses Tools sollte \u00fcber Grundkenntnisse von Psychoedukation verf\u00fcgen (insbesondere Elterntrainings, die begleitend zur klinischen Behandlung von psychisch beeintr\u00e4chtigten Kindern und Jugendlichen durchgef\u00fchrt werden). Auch sollten zentrale Inhalte, Abl\u00e4ufe und Qualit\u00e4tsstandards derartiger Elterntrainings bekannt sein. Zwingend sind Kenntnisse mentaler Techniken sowie die F\u00e4higkeit zu deren Weitervermittlung, etwa als Coach oder als Mentaltrainer.<\/p>\n\n\n\n<p class=\"wp-block-paragraph\" style=\"font-size:16px\">Entsprechendes gilt f\u00fcr s\u00e4mtliche ambitionierten High-Level Tools.<\/p>\n\n\n\n<p style=\"color:#a31400;font-size:14px\" class=\"has-text-color wp-block-paragraph\">Um erste Zug\u00e4nge zu High-Level Tools zu er\u00f6ffnen, ist jedem hier vorgestellten Verfahren mindestens ein Literaturtipp beigef\u00fcgt, meist keine volumin\u00f6se Fachliteratur, sondern eher kompakte, fachlich qualifizierte, f\u00fcr interessierte Laien verst\u00e4ndliche &#8222;Anleitungen&#8220;. Ein Nutzer unserer Seite hat au\u00dferdem die M\u00f6glichkeit, mit SSP Beratung telefonisch oder per Mail Kontakt aufzunehmen und sich \u00fcber Voraussetzungen, Leistungsf\u00e4higkeit und sachgem\u00e4\u00dfe Anwendung bestimmter ambitionierter Methoden auszutauschen.    <\/p>\n","protected":false},"excerpt":{"rendered":"<p>Interessierte Nutzer finden hier &#8211; \u00fcber den Button Handwerkszeug &#8211; eine erkleckliche Zahl an Materialien, Mitteln und Verfahren, die sich in Fortbildungen, Workshops und Coachings von SSP bew\u00e4hrt haben. Sie sind unterteilt in Elementare Tools und High-Level Tools. Elementare Tools Hierunter finden Sie u.a. einige Impuls-Texte, mit denen Workshops elegant er\u00f6ffnet werden und die auch [&hellip;]<\/p>\n","protected":false},"author":1,"featured_media":0,"parent":0,"menu_order":0,"comment_status":"closed","ping_status":"closed","template":"","meta":{"_crdt_document":"","footnotes":""},"class_list":["post-407","page","type-page","status-publish","hentry","no-featured-image"],"_links":{"self":[{"href":"https:\/\/sspberatung.de\/index.php\/wp-json\/wp\/v2\/pages\/407","targetHints":{"allow":["GET"]}}],"collection":[{"href":"https:\/\/sspberatung.de\/index.php\/wp-json\/wp\/v2\/pages"}],"about":[{"href":"https:\/\/sspberatung.de\/index.php\/wp-json\/wp\/v2\/types\/page"}],"author":[{"embeddable":true,"href":"https:\/\/sspberatung.de\/index.php\/wp-json\/wp\/v2\/users\/1"}],"replies":[{"embeddable":true,"href":"https:\/\/sspberatung.de\/index.php\/wp-json\/wp\/v2\/comments?post=407"}],"version-history":[{"count":26,"href":"https:\/\/sspberatung.de\/index.php\/wp-json\/wp\/v2\/pages\/407\/revisions"}],"predecessor-version":[{"id":642,"href":"https:\/\/sspberatung.de\/index.php\/wp-json\/wp\/v2\/pages\/407\/revisions\/642"}],"wp:attachment":[{"href":"https:\/\/sspberatung.de\/index.php\/wp-json\/wp\/v2\/media?parent=407"}],"curies":[{"name":"wp","href":"https:\/\/api.w.org\/{rel}","templated":true}]}}