{"id":88,"date":"2019-07-27T18:28:04","date_gmt":"2019-07-27T16:28:04","guid":{"rendered":"https:\/\/sspberatung.de\/?page_id=88"},"modified":"2020-04-19T18:36:35","modified_gmt":"2020-04-19T16:36:35","slug":"startseite","status":"publish","type":"page","link":"https:\/\/sspberatung.de\/","title":{"rendered":"Unser Arbeitsfeld"},"content":{"rendered":"\n<p class=\"has-text-color wp-block-paragraph\" style=\"font-size:26px;color:#2a44ba\"> SSP Beratung:   Human Ressources&nbsp;&nbsp;&nbsp; \u0097~&nbsp;&nbsp;&nbsp; Soft Skills<\/p>\n\n\n\n<div class=\"wp-block-columns is-layout-flex wp-container-core-columns-is-layout-8f761849 wp-block-columns-is-layout-flex\">\n<div class=\"wp-block-column is-layout-flow wp-block-column-is-layout-flow\" style=\"flex-basis:85%\">\n<p class=\"has-text-color wp-block-paragraph\" style=\"font-size:24px;color:#2a44ba\"><em>Psychoedukation mit Fokus auf Neuro-Diversit\u00e4t<\/em> <\/p>\n<\/div>\n\n\n\n<div class=\"wp-block-column is-layout-flow wp-block-column-is-layout-flow\" style=\"flex-basis:15%\">\n<figure class=\"wp-block-image is-resized\"><img loading=\"lazy\" decoding=\"async\" src=\"https:\/\/sspberatung.de\/wp-content\/uploads\/2019\/07\/logo-e1563983357342.png\" alt=\"Dieses Bild hat ein leeres alt-Attribut; sein Dateiname ist logo-e1563983357342.png.\" width=\"60\" height=\"43\"\/><\/figure>\n<\/div>\n<\/div>\n\n\n\n<div class=\"wp-block-cover has-background-dim\" style=\"background-image:url(https:\/\/sspberatung.de\/wp-content\/uploads\/2019\/11\/Lands_End.jpg)\"><div class=\"wp-block-cover__inner-container is-layout-flow wp-block-cover-is-layout-flow\">\n<p class=\"has-text-align-center wp-block-paragraph\" style=\"font-size:30px\">Neuro &#8211; Diversit\u00e4t<\/p>\n\n\n\n<p class=\"has-text-align-center wp-block-paragraph\" style=\"font-size:20px\">Enorme Kr\u00e4fte &#8230;<\/p>\n\n\n\n<p class=\"has-text-align-center wp-block-paragraph\" style=\"font-size:20px\">Bedeutende Potentiale &#8230;<\/p>\n\n\n\n<p class=\"has-text-align-center wp-block-paragraph\" style=\"font-size:20px\">M\u00e4chtige Anpassungs-Leistungen &#8230;<\/p>\n<\/div><\/div>\n\n\n\n<p class=\"has-white-color has-text-color wp-block-paragraph\" style=\"font-size:6px\">x<\/p>\n\n\n\n<div class=\"wp-block-columns is-layout-flex wp-container-core-columns-is-layout-8f761849 wp-block-columns-is-layout-flex\">\n<div class=\"wp-block-column is-layout-flow wp-block-column-is-layout-flow\" style=\"flex-basis:66.66%\">\n<p class=\"wp-block-paragraph\" style=\"line-height:1.4;font-size:16px\">Wir sind ein individuell-passgenau arbeitendes Unternehmen, wir f\u00f6rdern seit fast drei Jahrzehnten junge Menschen mit besonderen F\u00e4higkeiten und Bed\u00fcrfnissen<\/p>\n<\/div>\n\n\n\n<div class=\"wp-block-column is-layout-flow wp-block-column-is-layout-flow\" style=\"flex-basis:33.33%\">\n<p class=\"has-text-color wp-block-paragraph\" style=\"line-height:1.3;font-size:14px;color:#2a44ba\">Unsere Themen: allgemeine Verhaltensanforderungen, ADHS, Autismus, \u00c4ngste, soziale Unsicherheiten u.\u00e4.m.<\/p>\n<\/div>\n<\/div>\n\n\n\n<div class=\"wp-block-group\"><div class=\"wp-block-group__inner-container is-layout-flow wp-block-group-is-layout-flow\">\n<p class=\"wp-block-paragraph\" style=\"line-height:1;font-size:16px\">&#8211;   indem wir deren soziale Umgebungen dabei unterst\u00fctzen<\/p>\n<\/div><\/div>\n\n\n\n<p class=\"wp-block-paragraph\" style=\"line-height:1.4;font-size:16px\">&#8211;&nbsp;&nbsp; respektvolle M\u00f6glichkeiten des t\u00e4glichen Umgangs miteinander zu entwickeln und zu praktizieren<\/p>\n\n\n\n<div class=\"wp-block-columns is-layout-flex wp-container-core-columns-is-layout-8f761849 wp-block-columns-is-layout-flex\">\n<div class=\"wp-block-column is-layout-flow wp-block-column-is-layout-flow\" style=\"flex-basis:66.66%\">\n<figure class=\"wp-block-image size-large is-resized\"><img loading=\"lazy\" decoding=\"async\" src=\"https:\/\/sspberatung.de\/wp-content\/uploads\/2019\/11\/Differences_xx.jpg\" alt=\"\" class=\"wp-image-468\" width=\"335\" height=\"382\"\/><figcaption><code><em>Diversity Management<\/em><\/code><\/figcaption><\/figure>\n<\/div>\n\n\n\n<div class=\"wp-block-column is-layout-flow wp-block-column-is-layout-flow\" style=\"flex-basis:33.33%\">\n<p class=\"has-text-color wp-block-paragraph\" style=\"font-size:16px;color:#a30011\">Aktuelle Hinweise f\u00fcr Eltern:<\/p>\n\n\n\n<p class=\"wp-block-paragraph\" style=\"line-height:1.3;font-size:16px\"><em>Noten f\u00fcr h\u00e4usliche Sch\u00fcler-Arbeiten w\u00e4hrend einer Quarant\u00e4ne sind nicht zul\u00e4ssig!<\/em> <\/p>\n\n\n\n<p class=\"wp-block-paragraph\" style=\"font-size:16px\"><strong><a rel=\"noreferrer noopener\" href=\"https:\/\/leb-hessen.de\/fuer-eltern\/corona\/keine-noten-im-homeschooling\/\" target=\"_blank\">Mitteilung des Landes-Elternbeirats Hessen<\/a><\/strong><\/p>\n\n\n\n<p class=\"has-black-color has-text-color wp-block-paragraph\" style=\"line-height:1.3;font-size:16px\">&#8212;&#8212;&#8212;&#8212;&#8212;&#8212;&#8212;&#8212;&#8212;&#8212;&#8212;&#8212;&#8212;&#8212;Gerade auch in den gegenw\u00e4rtig bewegten Zeiten stehen wir Ihnen auf Wunsch gerne beratend zur Verf\u00fcgung. Sie erreichen uns per Mail:<\/p>\n\n\n\n<p class=\"has-text-color wp-block-paragraph\" style=\"line-height:0;font-size:16px;color:#2a44ba\">sspberatung@email.de<\/p>\n<\/div>\n<\/div>\n\n\n\n<p class=\"wp-block-paragraph\" style=\"line-height:1.4;font-size:16px\">Eltern und Gro\u00dfeltern, Ausbilder und Manager in Betrieben,  Erzieherinnen und Lehrer,  Sozialp\u00e4dagogen und Sport-Trainer erhalten auf Anforderung Anregungen, Beratungen, Fortbildungen, Coachings und Trainings f\u00fcr ihre Arbeit mit Kindern, Jugendlichen und jungen Erwachsene mit spezifischem psychischen Inventar   &#8211;   von A (wie ADHS, Autismus, &#8230; ) bis Z (wie Zukunftsperspektiven &#8230; ) <\/p>\n\n\n\n<p class=\"has-text-color wp-block-paragraph\" style=\"font-size:25px;color:#2a44ba\">Die Basis unserer Arbeit<\/p>\n\n\n\n<p class=\"wp-block-paragraph\" style=\"line-height:1;font-size:16px\">&#8211;&nbsp;&nbsp; Fachliche Fundierung und Streben nach hoher Qualit\u00e4t<\/p>\n\n\n\n<p class=\"wp-block-paragraph\" style=\"line-height:1;font-size:16px\">&#8211;&nbsp;&nbsp; Wertsch\u00e4tzender Umgang mit jedem Menschen in jeder Situation<\/p>\n\n\n\n<p class=\"wp-block-paragraph\" style=\"line-height:1;font-size:16px\">&#8211;&nbsp;&nbsp; Ressourcen-orientierte soziale und p\u00e4dagogische Methoden<\/p>\n\n\n\n<p class=\"wp-block-paragraph\" style=\"line-height:1;font-size:16px\">&#8211;&nbsp;&nbsp; Entwicklung und Realisierung inklusiver Konzepte &amp; Projekte<\/p>\n\n\n\n<p class=\"wp-block-paragraph\" style=\"line-height:1;font-size:16px\"> &#8211;&nbsp;&nbsp; Vernetzung mit kompetenten Partnern <\/p>\n\n\n\n<a class=\"wp-block-button wp-block-button__link has-background\" href=\"https:\/\/wolke7.sspberatung.de\/index.php\/s\/i7YAJDEint6LWQr\" style=\"background-color:#2a44ba\">SSP auf einen Blick<\/a>\n","protected":false},"excerpt":{"rendered":"<p>SSP Beratung: Human Ressources&nbsp;&nbsp;&nbsp; \u0097~&nbsp;&nbsp;&nbsp; Soft Skills Psychoedukation mit Fokus auf Neuro-Diversit\u00e4t x Wir sind ein individuell-passgenau arbeitendes Unternehmen, wir f\u00f6rdern seit fast drei Jahrzehnten junge Menschen mit besonderen F\u00e4higkeiten und Bed\u00fcrfnissen Unsere Themen: allgemeine Verhaltensanforderungen, ADHS, Autismus, \u00c4ngste, soziale Unsicherheiten u.\u00e4.m. &#8211; indem wir deren soziale Umgebungen dabei unterst\u00fctzen &#8211;&nbsp;&nbsp; respektvolle M\u00f6glichkeiten des t\u00e4glichen [&hellip;]<\/p>\n","protected":false},"author":1,"featured_media":0,"parent":0,"menu_order":1,"comment_status":"closed","ping_status":"closed","template":"","meta":{"_crdt_document":"","footnotes":""},"class_list":["post-88","page","type-page","status-publish","hentry","no-featured-image"],"_links":{"self":[{"href":"https:\/\/sspberatung.de\/index.php\/wp-json\/wp\/v2\/pages\/88","targetHints":{"allow":["GET"]}}],"collection":[{"href":"https:\/\/sspberatung.de\/index.php\/wp-json\/wp\/v2\/pages"}],"about":[{"href":"https:\/\/sspberatung.de\/index.php\/wp-json\/wp\/v2\/types\/page"}],"author":[{"embeddable":true,"href":"https:\/\/sspberatung.de\/index.php\/wp-json\/wp\/v2\/users\/1"}],"replies":[{"embeddable":true,"href":"https:\/\/sspberatung.de\/index.php\/wp-json\/wp\/v2\/comments?post=88"}],"version-history":[{"count":115,"href":"https:\/\/sspberatung.de\/index.php\/wp-json\/wp\/v2\/pages\/88\/revisions"}],"predecessor-version":[{"id":750,"href":"https:\/\/sspberatung.de\/index.php\/wp-json\/wp\/v2\/pages\/88\/revisions\/750"}],"wp:attachment":[{"href":"https:\/\/sspberatung.de\/index.php\/wp-json\/wp\/v2\/media?parent=88"}],"curies":[{"name":"wp","href":"https:\/\/api.w.org\/{rel}","templated":true}]}}