{"id":98,"date":"2019-07-28T10:29:43","date_gmt":"2019-07-28T08:29:43","guid":{"rendered":"https:\/\/sspberatung.de\/?page_id=98"},"modified":"2020-02-16T12:11:51","modified_gmt":"2020-02-16T11:11:51","slug":"impressum","status":"publish","type":"page","link":"https:\/\/sspberatung.de\/index.php\/startseite\/impressum\/","title":{"rendered":"Impressum"},"content":{"rendered":"\n<p style=\"color:#2a44ba\" class=\"has-text-color has-regular-font-size wp-block-paragraph\">sspberatung.de<\/p>\n\n\n\n<p class=\"has-small-font-size wp-block-paragraph\">Dr. Rainer Eckert<\/p>\n\n\n\n<p class=\"has-small-font-size wp-block-paragraph\">Gustav-Adolf-Stra\u00dfe 15<\/p>\n\n\n\n<p class=\"has-small-font-size wp-block-paragraph\">63069 Offenbach am Main<\/p>\n\n\n\n<p class=\"has-small-font-size wp-block-paragraph\">Telefon 069 &#8211; 661 233 65<\/p>\n\n\n\n<p class=\"has-small-font-size wp-block-paragraph\">Mail sspberatung@email.de<\/p>\n\n\n\n<p style=\"font-size:20px\" class=\"has-text-color has-white-color wp-block-paragraph\">Abstand<\/p>\n\n\n\n<p style=\"color:#2a44ba;font-size:32px\" class=\"has-text-color wp-block-paragraph\"><strong>Haftungsausschluss<\/strong><\/p>\n\n\n\n<p style=\"color:#2a44ba\" class=\"has-text-color has-small-font-size wp-block-paragraph\"><strong>Haftung f\u00fcr Inhalte<\/strong><\/p>\n\n\n\n<p class=\"wp-block-paragraph\" style=\"font-size:14px\">Die\nInhalte unserer Seiten wurden mit gr\u00f6\u00dfter Sorgfalt erstellt. F\u00fcr die\nRichtigkeit, Vollst\u00e4ndigkeit und Aktualit\u00e4t der Inhalte k\u00f6nnen wir jedoch keine\nGew\u00e4hr \u00fcbernehmen. Als Diensteanbieter sind wir gem\u00e4\u00df \u00a7 7 Abs.1 TMG f\u00fcr eigene\nInhalte auf diesen Seiten nach den allgemeinen Gesetzen verantwortlich. Nach \u00a7\u00a7\n8 bis 10 TMG sind wir als Diensteanbieter jedoch nicht verpflichtet,\n\u00fcbermittelte oder gespeicherte fremde Informationen zu \u00fcberwachen oder nach\nUmst\u00e4nden zu forschen, die auf eine rechtswidrige T\u00e4tigkeit hinweisen.\nVerpflichtungen zur Entfernung oder Sperrung der Nutzung von Informationen nach\nden allgemeinen Gesetzen bleiben hiervon unber\u00fchrt. Eine diesbez\u00fcgliche Haftung\nist jedoch erst ab dem Zeitpunkt der Kenntnis einer konkreten Rechtsverletzung\nm\u00f6glich. Bei Bekanntwerden von entsprechenden Rechtsverletzungen werden wir\ndiese Inhalte umgehend entfernen.<\/p>\n\n\n\n<p style=\"color:#2a44ba\" class=\"has-text-color has-small-font-size wp-block-paragraph\"><strong>Haftung f\u00fcr Links<\/strong><\/p>\n\n\n\n<p class=\"wp-block-paragraph\" style=\"font-size:14px\">Unser\nAngebot enth\u00e4lt Links zu externen Webseiten Dritter, auf deren Inhalte wir keinen\nEinfluss haben. Deshalb k\u00f6nnen wir f\u00fcr diese fremden Inhalte auch keine Gew\u00e4hr\n\u00fcbernehmen. F\u00fcr die Inhalte der verlinkten Seiten ist stets der jeweilige\nAnbieter oder Betreiber der Seiten verantwortlich. Die verlinkten Seiten wurden\nzum Zeitpunkt der Verlinkung auf m\u00f6gliche Rechtsverst\u00f6\u00dfe \u00fcberpr\u00fcft.\nRechtswidrige Inhalte waren zum Zeitpunkt der Verlinkung nicht erkennbar. Eine\npermanente inhaltliche Kontrolle der verlinkten Seiten ist jedoch ohne konkrete\nAnhaltspunkte einer Rechtsverletzung nicht zumutbar. Bei Bekanntwerden von\nRechtsverletzungen werden wir derartige Links umgehend entfernen.<\/p>\n\n\n\n<p style=\"color:#2a44ba\" class=\"has-text-color has-small-font-size wp-block-paragraph\"><strong>Urheberrecht<\/strong><\/p>\n\n\n\n<p class=\"wp-block-paragraph\" style=\"font-size:14px\">Die\ndurch die Seitenbetreiber erstellten Inhalte und Werke auf diesen Seiten\nunterliegen dem deutschen Urheberrecht. Die Vervielf\u00e4ltigung, Bearbeitung,\nVerbreitung und jede Art der Verwertung au\u00dferhalb der Grenzen des\nUrheberrechtes bed\u00fcrfen der schriftlichen Zustimmung des jeweiligen Autors bzw.\nErstellers. Downloads und Kopien dieser Seite sind nur f\u00fcr den privaten, nicht\nkommerziellen Gebrauch gestattet. Soweit die Inhalte auf dieser Seite nicht vom\nBetreiber erstellt wurden, werden die Urheberrechte Dritter beachtet.\nInsbesondere werden Inhalte Dritter als solche gekennzeichnet. Sollten Sie\ntrotzdem auf eine Urheberrechtsverletzung aufmerksam werden, bitten wir um\neinen entsprechenden Hinweis. Bei Bekanntwerden von Rechtsverletzungen werden\nwir derartige Inhalte umgehend entfernen.<\/p>\n","protected":false},"excerpt":{"rendered":"<p>sspberatung.de Dr. Rainer Eckert Gustav-Adolf-Stra\u00dfe 15 63069 Offenbach am Main Telefon 069 &#8211; 661 233 65 Mail sspberatung@email.de Abstand Haftungsausschluss Haftung f\u00fcr Inhalte Die Inhalte unserer Seiten wurden mit gr\u00f6\u00dfter Sorgfalt erstellt. F\u00fcr die Richtigkeit, Vollst\u00e4ndigkeit und Aktualit\u00e4t der Inhalte k\u00f6nnen wir jedoch keine Gew\u00e4hr \u00fcbernehmen. Als Diensteanbieter sind wir gem\u00e4\u00df \u00a7 7 Abs.1 TMG [&hellip;]<\/p>\n","protected":false},"author":1,"featured_media":0,"parent":88,"menu_order":0,"comment_status":"closed","ping_status":"closed","template":"","meta":{"_crdt_document":"","footnotes":""},"class_list":["post-98","page","type-page","status-publish","hentry","no-featured-image"],"_links":{"self":[{"href":"https:\/\/sspberatung.de\/index.php\/wp-json\/wp\/v2\/pages\/98","targetHints":{"allow":["GET"]}}],"collection":[{"href":"https:\/\/sspberatung.de\/index.php\/wp-json\/wp\/v2\/pages"}],"about":[{"href":"https:\/\/sspberatung.de\/index.php\/wp-json\/wp\/v2\/types\/page"}],"author":[{"embeddable":true,"href":"https:\/\/sspberatung.de\/index.php\/wp-json\/wp\/v2\/users\/1"}],"replies":[{"embeddable":true,"href":"https:\/\/sspberatung.de\/index.php\/wp-json\/wp\/v2\/comments?post=98"}],"version-history":[{"count":18,"href":"https:\/\/sspberatung.de\/index.php\/wp-json\/wp\/v2\/pages\/98\/revisions"}],"predecessor-version":[{"id":654,"href":"https:\/\/sspberatung.de\/index.php\/wp-json\/wp\/v2\/pages\/98\/revisions\/654"}],"up":[{"embeddable":true,"href":"https:\/\/sspberatung.de\/index.php\/wp-json\/wp\/v2\/pages\/88"}],"wp:attachment":[{"href":"https:\/\/sspberatung.de\/index.php\/wp-json\/wp\/v2\/media?parent=98"}],"curies":[{"name":"wp","href":"https:\/\/api.w.org\/{rel}","templated":true}]}}